{"id":922,"date":"2013-09-30T15:22:38","date_gmt":"2013-09-30T13:22:38","guid":{"rendered":"http:\/\/ip-telefon.com\/wordpress\/?page_id=922"},"modified":"2013-09-30T15:30:35","modified_gmt":"2013-09-30T13:30:35","slug":"bomar-2","status":"publish","type":"page","link":"http:\/\/ip-telefon.com\/wordpress\/bomar-2","title":{"rendered":"Bomar Arm Rund Luke"},"content":{"rendered":"<p>Lukenarm Rund Luke Arm \/ aufsteller<br \/>\nStab L\u00e4nge 46cm<br \/>\nL\u00e4nge von der Befestigung ca 18,5cm<br \/>\n1 St\u00fcck an Lager 115,- euro <\/p>\n<p><a href=\"http:\/\/ip-telefon.com\/wordpress\/wp-content\/uploads\/2013\/09\/20130930-152849.jpg\"><img decoding=\"async\" src=\"http:\/\/ip-telefon.com\/wordpress\/wp-content\/uploads\/2013\/09\/20130930-152849.jpg\" alt=\"20130930-152849.jpg\" class=\"alignnone size-full\" \/><\/a><\/p>\n<p><a href=\"http:\/\/ip-telefon.com\/wordpress\/wp-content\/uploads\/2013\/09\/20130930-152901.jpg\"><img decoding=\"async\" src=\"http:\/\/ip-telefon.com\/wordpress\/wp-content\/uploads\/2013\/09\/20130930-152901.jpg\" alt=\"20130930-152901.jpg\" class=\"alignnone size-full\" \/><\/a><\/p>\n","protected":false},"excerpt":{"rendered":"<p>Lukenarm Rund Luke Arm \/ aufsteller Stab L\u00e4nge 46cm L\u00e4nge von der Befestigung ca 18,5cm 1 St\u00fcck an Lager 115,- euro<\/p>\n","protected":false},"author":1,"featured_media":0,"parent":0,"menu_order":0,"comment_status":"closed","ping_status":"open","template":"","meta":{"footnotes":""},"class_list":["post-922","page","type-page","status-publish","hentry"],"aioseo_notices":[],"_links":{"self":[{"href":"http:\/\/ip-telefon.com\/wordpress\/wp-json\/wp\/v2\/pages\/922","targetHints":{"allow":["GET"]}}],"collection":[{"href":"http:\/\/ip-telefon.com\/wordpress\/wp-json\/wp\/v2\/pages"}],"about":[{"href":"http:\/\/ip-telefon.com\/wordpress\/wp-json\/wp\/v2\/types\/page"}],"author":[{"embeddable":true,"href":"http:\/\/ip-telefon.com\/wordpress\/wp-json\/wp\/v2\/users\/1"}],"replies":[{"embeddable":true,"href":"http:\/\/ip-telefon.com\/wordpress\/wp-json\/wp\/v2\/comments?post=922"}],"version-history":[{"count":2,"href":"http:\/\/ip-telefon.com\/wordpress\/wp-json\/wp\/v2\/pages\/922\/revisions"}],"predecessor-version":[{"id":925,"href":"http:\/\/ip-telefon.com\/wordpress\/wp-json\/wp\/v2\/pages\/922\/revisions\/925"}],"wp:attachment":[{"href":"http:\/\/ip-telefon.com\/wordpress\/wp-json\/wp\/v2\/media?parent=922"}],"curies":[{"name":"wp","href":"https:\/\/api.w.org\/{rel}","templated":true}]}}