{"id":293,"date":"2012-07-30T17:55:40","date_gmt":"2012-07-30T15:55:40","guid":{"rendered":"http:\/\/ip-telefon.com\/wordpress\/?page_id=293"},"modified":"2021-04-07T14:34:10","modified_gmt":"2021-04-07T13:34:10","slug":"bayliner-ce","status":"publish","type":"page","link":"http:\/\/ip-telefon.com\/wordpress\/bayliner-ce","title":{"rendered":"D\u00c9CLARATION DE CONFORMIT\u00c9 BAYLINER"},"content":{"rendered":"\n<p><strong>Fehlende \/ verloren gegangene Konformit\u00e4tserkl\u00e4rung<\/strong><\/p>\n\n\n\n<p>Wir k\u00f6nnen f\u00fcr Sie eine Zweitschrift der &#8222;CE&#8220; Konformit\u00e4tserkl\u00e4rungen (DOC)  von BAYLINER erstellen lassen. <\/p>\n\n\n\n<p> VERKLARING VAN OVEREENSTEMMING \/ Declaration of Conformity<\/p>\n\n\n\n<figure class=\"wp-block-image size-large\"><a href=\"http:\/\/ip-telefon.com\/wordpress\/wp-content\/uploads\/2021\/04\/IMG_20210407_150652_resized_20210407_030711437.jpg\"><img loading=\"lazy\" decoding=\"async\" width=\"583\" height=\"726\" src=\"http:\/\/ip-telefon.com\/wordpress\/wp-content\/uploads\/2021\/04\/IMG_20210407_150652_resized_20210407_030711437.jpg\" alt=\"\" class=\"wp-image-1719\" srcset=\"http:\/\/ip-telefon.com\/wordpress\/wp-content\/uploads\/2021\/04\/IMG_20210407_150652_resized_20210407_030711437.jpg 583w, http:\/\/ip-telefon.com\/wordpress\/wp-content\/uploads\/2021\/04\/IMG_20210407_150652_resized_20210407_030711437-241x300.jpg 241w\" sizes=\"auto, (max-width: 583px) 100vw, 583px\" \/><\/a><\/figure>\n\n\n\n<figure class=\"wp-block-image size-large is-resized\"><a href=\"http:\/\/ip-telefon.com\/wordpress\/wp-content\/uploads\/2021\/04\/IMG_20210407_150522_resized_20210407_030538600.jpg\"><img loading=\"lazy\" decoding=\"async\" src=\"http:\/\/ip-telefon.com\/wordpress\/wp-content\/uploads\/2021\/04\/IMG_20210407_150522_resized_20210407_030538600.jpg\" alt=\"CE Plakette\" class=\"wp-image-1720\" width=\"565\" height=\"602\" srcset=\"http:\/\/ip-telefon.com\/wordpress\/wp-content\/uploads\/2021\/04\/IMG_20210407_150522_resized_20210407_030538600.jpg 565w, http:\/\/ip-telefon.com\/wordpress\/wp-content\/uploads\/2021\/04\/IMG_20210407_150522_resized_20210407_030538600-282x300.jpg 282w\" sizes=\"auto, (max-width: 565px) 100vw, 565px\" \/><\/a><figcaption><strong>CE Plakette befindet sich in der N\u00e4he vom Steuerstand.<\/strong><\/figcaption><\/figure>\n\n\n\n<p>CE-Kennzeichnung mit <em>EG<\/em>-Konformit\u00e4tserkl\u00e4rung<\/p>\n","protected":false},"excerpt":{"rendered":"<p>Fehlende \/ verloren gegangene Konformit\u00e4tserkl\u00e4rung Wir k\u00f6nnen f\u00fcr Sie eine Zweitschrift der &#8222;CE&#8220; Konformit\u00e4tserkl\u00e4rungen (DOC) von BAYLINER erstellen lassen. VERKLARING VAN OVEREENSTEMMING \/ Declaration of Conformity CE-Kennzeichnung mit EG-Konformit\u00e4tserkl\u00e4rung<\/p>\n","protected":false},"author":1,"featured_media":0,"parent":0,"menu_order":0,"comment_status":"closed","ping_status":"open","template":"","meta":{"footnotes":""},"class_list":["post-293","page","type-page","status-publish","hentry"],"aioseo_notices":[],"_links":{"self":[{"href":"http:\/\/ip-telefon.com\/wordpress\/wp-json\/wp\/v2\/pages\/293","targetHints":{"allow":["GET"]}}],"collection":[{"href":"http:\/\/ip-telefon.com\/wordpress\/wp-json\/wp\/v2\/pages"}],"about":[{"href":"http:\/\/ip-telefon.com\/wordpress\/wp-json\/wp\/v2\/types\/page"}],"author":[{"embeddable":true,"href":"http:\/\/ip-telefon.com\/wordpress\/wp-json\/wp\/v2\/users\/1"}],"replies":[{"embeddable":true,"href":"http:\/\/ip-telefon.com\/wordpress\/wp-json\/wp\/v2\/comments?post=293"}],"version-history":[{"count":11,"href":"http:\/\/ip-telefon.com\/wordpress\/wp-json\/wp\/v2\/pages\/293\/revisions"}],"predecessor-version":[{"id":1731,"href":"http:\/\/ip-telefon.com\/wordpress\/wp-json\/wp\/v2\/pages\/293\/revisions\/1731"}],"wp:attachment":[{"href":"http:\/\/ip-telefon.com\/wordpress\/wp-json\/wp\/v2\/media?parent=293"}],"curies":[{"name":"wp","href":"https:\/\/api.w.org\/{rel}","templated":true}]}}