{"id":1177,"date":"2015-03-13T12:59:16","date_gmt":"2015-03-13T11:59:16","guid":{"rendered":"http:\/\/ip-telefon.com\/wordpress\/?page_id=1177"},"modified":"2015-11-10T18:11:33","modified_gmt":"2015-11-10T17:11:33","slug":"sitzschiene","status":"publish","type":"page","link":"http:\/\/ip-telefon.com\/wordpress\/sitzschiene","title":{"rendered":"Sitzschiene BAYLINER SLEEPER SEAT SLIDER"},"content":{"rendered":"<h3>Hallo BAYLINER Freunde.<\/h3>\n<p dir=\"ltr\" align=\"left\">Leider sind die Original Kunststoff-Teile f\u00fcr die Sitz bei BAYLINER in USA nicht zu bestellen.<\/p>\n<h2 dir=\"ltr\" align=\"left\"><span style=\"text-decoration: underline;\">Wir haben diese aber neu aus MDF Fr\u00e4sen lassen.<\/span><a href=\"http:\/\/ip-telefon.com\/wordpress\/wp-content\/uploads\/2015\/03\/Foto-04a.jpg\"><img loading=\"lazy\" decoding=\"async\" class=\"  wp-image-1179 alignleft\" src=\"http:\/\/ip-telefon.com\/wordpress\/wp-content\/uploads\/2015\/03\/Foto-04a-300x63.jpg\" alt=\"Foto 04a\" width=\"310\" height=\"65\" srcset=\"http:\/\/ip-telefon.com\/wordpress\/wp-content\/uploads\/2015\/03\/Foto-04a-300x63.jpg 300w, http:\/\/ip-telefon.com\/wordpress\/wp-content\/uploads\/2015\/03\/Foto-04a-940x198.jpg 940w, http:\/\/ip-telefon.com\/wordpress\/wp-content\/uploads\/2015\/03\/Foto-04a.jpg 1002w\" sizes=\"auto, (max-width: 310px) 100vw, 310px\" \/><\/a><\/h2>\n<div id=\"attachment_1178\" style=\"width: 310px\" class=\"wp-caption alignleft\"><a href=\"http:\/\/ip-telefon.com\/wordpress\/wp-content\/uploads\/2015\/03\/Foto-03a.jpg\"><img loading=\"lazy\" decoding=\"async\" aria-describedby=\"caption-attachment-1178\" class=\"size-medium wp-image-1178\" src=\"http:\/\/ip-telefon.com\/wordpress\/wp-content\/uploads\/2015\/03\/Foto-03a-300x225.jpg\" alt=\"SLIDER SEAT \" width=\"300\" height=\"225\" srcset=\"http:\/\/ip-telefon.com\/wordpress\/wp-content\/uploads\/2015\/03\/Foto-03a-300x225.jpg 300w, http:\/\/ip-telefon.com\/wordpress\/wp-content\/uploads\/2015\/03\/Foto-03a-1024x768.jpg 1024w, http:\/\/ip-telefon.com\/wordpress\/wp-content\/uploads\/2015\/03\/Foto-03a.jpg 1280w\" sizes=\"auto, (max-width: 300px) 100vw, 300px\" \/><\/a><p id=\"caption-attachment-1178\" class=\"wp-caption-text\">SLIDER SEAT<\/p><\/div>\n<p><a href=\"http:\/\/ip-telefon.com\/wordpress\/wp-content\/uploads\/2015\/03\/Foto-04a.jpg\"> <\/a><\/p>\n<p dir=\"ltr\" align=\"left\">Die L\u00f6cher f\u00fcr die Schrauben sind an der gleichen Stelle wie bei den Originalen. Zus\u00e4tzlich haben wir 2 neue vorgebohrt, an einer Stelle wo es beim Original oft zu Stabilit\u00e4ts-Problemen gekommen ist. Das MDF ist unbehandelt weil wir der Ansicht sind das es nicht dauerhaft wasserbelastet sein wird. Vor dem Einbau kann es nach Wunsch ge\u00f6lt oder lackiert werden, wenn ihr das m\u00f6chtet. In den Original Plastik-Schienen sind die Aufnahmen f\u00fcr die Muttern genau vorgeformt. Die L\u00f6cher die wir gemacht haben sind ein wenig kleiner als die Mutter, somit zieht sie sich in das MDF und ist damit auch gut befestigt.<\/p>\n<p dir=\"ltr\" align=\"left\"><a href=\"http:\/\/www.baylinerparts.com\/1998\/capri\/2352bf98\/Output\/bf25.htm\"><span style=\"font-family: Arial; font-size: medium;\"><span style=\"color: #0066cc; font-family: Arial; font-size: medium;\"><span lang=\"DE\">http:\/\/www.baylinerparts.com\/1998\/capri\/2352bf98\/Output\/bf25.htm<\/span><\/span><\/span><\/a><\/p>\n<h4 dir=\"ltr\" align=\"left\">BAYLINER &gt; Part Number<\/h4>\n<h4 dir=\"ltr\" align=\"left\"><strong>72503A<\/strong> &gt; 1705151 SLIDERS PLASTIC, SEAT SLIDER &gt; No Longer Available<\/h4>\n<h4 dir=\"ltr\" align=\"left\">57062 SLIDER SEAT, RIGHT &gt; 1713219 NLA, SLIDER SEAT &#8211; USE 1705151<\/h4>\n<h4 dir=\"ltr\" align=\"left\">57063 SLIDER SEAT, LEFT &gt; 1713220 NLA, SLIDER SEAT &#8211; USE 1705151<\/h4>\n<h4 dir=\"ltr\" align=\"left\"><span style=\"font-family: Calibri; font-size: medium;\"><span style=\"font-family: Calibri; font-size: medium;\">Das wird mit der neuen Nummer zu 2 St\u00fcck. Somit braucht ihr Pro Sitz nur 2x <\/span><\/span><span style=\"font-family: Arial; font-size: medium;\"><span style=\"font-family: Arial; font-size: medium;\">1705151<\/span><\/span><\/h4>\n<h4 dir=\"ltr\" align=\"left\">In der neuen MDF Variante ist das die <b>1705151A<\/b><\/h4>\n<p dir=\"ltr\" align=\"left\"><span style=\"font-family: Arial;\"><span style=\"color: #222222; font-family: Arial;\"><span style=\"color: #222222; font-family: Arial;\"><span style=\"color: #222222;\">Hello BAYLINER friends.<br \/>\n<\/span><span style=\"color: #222222;\">Unfortunately, the original plastic parts for the seat cannot be order at BAYLINER. <\/span><\/span><\/span><span style=\"font-size: medium;\"><span style=\"font-size: medium;\"><span lang=\"DE\">No Longer Available.  <\/span><\/span><\/span><\/span><span style=\"color: #222222;\"><span style=\"color: #222222;\"><span lang=\"\"><span style=\"color: #222222; font-family: Arial;\">We have taken this milling machines MDF.<br \/>\n<\/span><span style=\"color: #222222; font-family: Arial;\">The quencher for the screws are in the same location as the old one. <\/span><span style=\"color: #222222; font-family: Arial;\">In addition, we have 2 new pre-drilled at a location where it has come in the old times to stability problems.<br \/>\n<\/span><span style=\"color: #222222; font-family: Arial;\">The MDF is untreated because we are of the view that s will not be permanently impacted water.<\/span><span style=\"color: #222222; font-family: Arial;\"> You can see it before installing oils or painting if you want that. <\/span><span style=\"color: #222222; font-family: Arial;\">Although I do not believe this to be so wet it under the seats that could probably take this damage.<br \/>\n<\/span><span style=\"font-family: Arial;\"><span style=\"color: #222222;\">In the original plastic rails recordings for the nuts are preformed exactly. From establish charges we have so agreed. <\/span><span style=\"color: #222222;\">The extinguisher that we&#8217;ve made a little smaller than the mother, so the mother moves into the MDF and is thus well secured. <\/span><\/span><\/span><\/span><\/span><\/p>\n<p dir=\"ltr\" align=\"left\">In the new version, the MDF is the 1705151A<\/p>\n","protected":false},"excerpt":{"rendered":"<p>Hallo BAYLINER Freunde. Leider sind die Original Kunststoff-Teile f\u00fcr die Sitz bei BAYLINER in USA nicht zu bestellen. Wir haben diese aber neu aus MDF Fr\u00e4sen lassen. Die L\u00f6cher f\u00fcr die Schrauben sind an der gleichen Stelle wie bei den &hellip; <a href=\"http:\/\/ip-telefon.com\/wordpress\/sitzschiene\">Weiterlesen <span class=\"meta-nav\">&rarr;<\/span><\/a><\/p>\n","protected":false},"author":1,"featured_media":0,"parent":0,"menu_order":0,"comment_status":"closed","ping_status":"open","template":"","meta":{"footnotes":""},"class_list":["post-1177","page","type-page","status-publish","hentry"],"aioseo_notices":[],"_links":{"self":[{"href":"http:\/\/ip-telefon.com\/wordpress\/wp-json\/wp\/v2\/pages\/1177","targetHints":{"allow":["GET"]}}],"collection":[{"href":"http:\/\/ip-telefon.com\/wordpress\/wp-json\/wp\/v2\/pages"}],"about":[{"href":"http:\/\/ip-telefon.com\/wordpress\/wp-json\/wp\/v2\/types\/page"}],"author":[{"embeddable":true,"href":"http:\/\/ip-telefon.com\/wordpress\/wp-json\/wp\/v2\/users\/1"}],"replies":[{"embeddable":true,"href":"http:\/\/ip-telefon.com\/wordpress\/wp-json\/wp\/v2\/comments?post=1177"}],"version-history":[{"count":9,"href":"http:\/\/ip-telefon.com\/wordpress\/wp-json\/wp\/v2\/pages\/1177\/revisions"}],"predecessor-version":[{"id":1211,"href":"http:\/\/ip-telefon.com\/wordpress\/wp-json\/wp\/v2\/pages\/1177\/revisions\/1211"}],"wp:attachment":[{"href":"http:\/\/ip-telefon.com\/wordpress\/wp-json\/wp\/v2\/media?parent=1177"}],"curies":[{"name":"wp","href":"https:\/\/api.w.org\/{rel}","templated":true}]}}